{"id":7333,"date":"2023-01-15T20:18:36","date_gmt":"2023-01-15T20:18:36","guid":{"rendered":"https:\/\/inforlur.es\/?page_id=7333"},"modified":"2023-03-09T13:09:01","modified_gmt":"2023-03-09T13:09:01","slug":"3d-laser-eskanerra-eta-bim","status":"publish","type":"page","link":"https:\/\/inforlur.es\/eu\/3d-laser-eskanerra-eta-bim\/","title":{"rendered":"3D LASER ESKANERRA ETA BIM"},"content":{"rendered":"<section class=\"wpb-content-wrapper\"><p>[vc_row][vc_column width=&#8221;1\/2&#8243;][ct_heading styles=&#8221;style2&#8243; text=&#8221;3D Laser Eskanerra&#8221; tag=&#8221;h5&#8243; font_weight=&#8221;&#8221; description_font_weight=&#8221;inherit&#8221;][vc_column_text]Ondare elementuak, aztarna arkeologikoak, egitura industrialak, inter\u00e9s arkitektonikoko eraikinak, tunelak&#8230; doitasun handiz neurtzen ditugu, hiru dimentsiotan. Laser-teknologiari esker, hiru dimentsioko datuen bilketa masiboa egin dezakegu, milimetroko doitasunaz eta denbora laburrean, eta lurrazalaren (edo dena delako elementuaren) eredu digital bat edo <strong>3D puntu-hodeia<\/strong> egin, bereizmen handikoa: zentimetro batean behin edo maizago daude puntuak.<br \/>\n3D puntu hodei honetatik abiatuz emaitza desberdinak lor ditzakegu, bezeroaren nahi eta beharrizanen arabera: 2D eta 3D planoak, sekzioak, altxaera planoak, ortoirudiak, <em>BIM modeloa<\/em>, doitasun handiko sare geometrikoak, tour birtuala\u2026[\/vc_column_text][\/vc_column][vc_column width=&#8221;1\/2&#8243;][ct_video_player video_link=&#8221;url:https%3A%2F%2Fwww.youtube.com%2Fwatch%3Fv%3DLCiFW1x901c|||&#8221; video_intro=&#8221;7306&#8243; btn_styles=&#8221;style2&#8243; intro_styles=&#8221;style2&#8243;][\/vc_column][\/vc_row][vc_row][vc_column width=&#8221;1\/4&#8243;][ct_heading styles=&#8221;style2&#8243; text=&#8221;Arquitectura&#8221; tag=&#8221;h5&#8243; font_weight=&#8221;&#8221; description_font_weight=&#8221;inherit&#8221;][vc_column_text]<\/p>\n<ul>\n<li>Medici\u00f3n de Fachadas e interiores: datos tridimensionales para proyectos de rehabilitaci\u00f3n o finales de obra.<\/li>\n<li>Toma de datos para diagn\u00f3sticos de estado inicial para planificaci\u00f3n de proyectos de gran precisi\u00f3n<\/li>\n<li>An\u00e1lisis r\u00e1pido y supervisi\u00f3n de progreso de construcci\u00f3n<\/li>\n<li>Medici\u00f3n y documentaci\u00f3n de estado final<\/li>\n<\/ul>\n<p>[\/vc_column_text][\/vc_column][vc_column width=&#8221;1\/4&#8243;][ct_heading styles=&#8221;style2&#8243; text=&#8221;Topograf\u00eda&#8221; tag=&#8221;h5&#8243; font_weight=&#8221;&#8221; description_font_weight=&#8221;inherit&#8221;][vc_column_text]<\/p>\n<ul>\n<li>Medici\u00f3n \u00e1gil y rigurosa para objetos grandes, altos o distantes<\/li>\n<li>Medici\u00f3n de elementos complejos de forma competa, eficiente y precisa<\/li>\n<li>Cubicaciones de movimientos de tierra incluso en terrenos de dif\u00edcil acceso.<\/li>\n<li>Supervisi\u00f3n de deformaciones o movimiento en estructuras u objetos.<\/li>\n<li>Supervisi\u00f3n de proyectos con garant\u00eda de la m\u00e1s alta precisi\u00f3n.<\/li>\n<li>Documentaci\u00f3n paisaj\u00edstica<\/li>\n<\/ul>\n<p>[\/vc_column_text][\/vc_column][vc_column width=&#8221;1\/4&#8243;][ct_heading styles=&#8221;style2&#8243; text=&#8221;Patrimonio&#8221; tag=&#8221;h5&#8243; font_weight=&#8221;&#8221; description_font_weight=&#8221;inherit&#8221;][vc_column_text]<\/p>\n<ul>\n<li>Control de deformaciones: datos para la documentaci\u00f3n sobre deformaci\u00f3n y supervisi\u00f3n de contramedidas.<\/li>\n<li>Mediciones para restauraci\u00f3n y protecci\u00f3n de las obras<\/li>\n<li>Documentaci\u00f3n integral de construcciones y otros bienes patrimoniales<\/li>\n<li>Toma de yacimientos<\/li>\n<li>Visitas virtuales<\/li>\n<\/ul>\n<p>[\/vc_column_text][\/vc_column][vc_column width=&#8221;1\/4&#8243;][ct_heading styles=&#8221;style2&#8243; text=&#8221;Ingenier\u00eda Civil&#8221; tag=&#8221;h5&#8243; font_weight=&#8221;&#8221; description_font_weight=&#8221;inherit&#8221;][vc_column_text]<\/p>\n<ul>\n<li>Medici\u00f3n de viaductos, t\u00faneles, taludes, presas, v\u00edas f\u00e9rreas, excavaciones mineras en superficie o subterr\u00e1neas y otras estructuras<\/li>\n<li>An\u00e1lisis de estado actual de estructuras<\/li>\n<li>Control del proceso de construcci\u00f3n<\/li>\n<li>Definici\u00f3n de Asbuilt al finalizar<\/li>\n<li>Control de movimientos o auscultaciones posteriores<\/li>\n<\/ul>\n<p>[\/vc_column_text][\/vc_column][\/vc_row][vc_row][vc_column][vc_empty_space][\/vc_column][\/vc_row][vc_row][vc_column width=&#8221;1\/2&#8243;][ct_heading styles=&#8221;style2&#8243; text=&#8221;Inforlur Escaner 3D Visita virtual nube de puntos&#8221; tag=&#8221;h5&#8243; font_weight=&#8221;&#8221; description_font_weight=&#8221;inherit&#8221;][ct_video_player video_link=&#8221;url:https%3A%2F%2Fwww.youtube.com%2Fwatch%3Fv%3DYi2FxOnWpho|||&#8221; video_intro=&#8221;7312&#8243; btn_styles=&#8221;style2&#8243; intro_styles=&#8221;style2&#8243;][\/vc_column][vc_column width=&#8221;1\/2&#8243;][ct_heading styles=&#8221;style2&#8243; text=&#8221;Nube de puntos 3D Pabello\u0301n Industrial&#8221; tag=&#8221;h5&#8243; font_weight=&#8221;&#8221; description_font_weight=&#8221;inherit&#8221;][ct_video_player video_link=&#8221;url:https%3A%2F%2Fwww.youtube.com%2Fwatch%3Fv%3D7vdsBhzlSJY|||&#8221; video_intro=&#8221;7314&#8243; btn_styles=&#8221;style2&#8243; intro_styles=&#8221;style2&#8243;][\/vc_column][\/vc_row][vc_row][vc_column][vc_empty_space][\/vc_column][\/vc_row][vc_row][vc_column width=&#8221;1\/3&#8243;][ct_heading styles=&#8221;style2&#8243; text=&#8221;Medicio\u0301n sobre nube de puntos&#8221; tag=&#8221;h5&#8243; font_weight=&#8221;&#8221; description_font_weight=&#8221;inherit&#8221;][ct_video_player video_link=&#8221;url:https%3A%2F%2Fwww.youtube.com%2Fwatch%3Fv%3DUOyREdpJMbc|||&#8221; video_intro=&#8221;7316&#8243; btn_styles=&#8221;style2&#8243; intro_styles=&#8221;style2&#8243;][\/vc_column][vc_column width=&#8221;1\/3&#8243;][ct_heading styles=&#8221;style2&#8243; text=&#8221;Medicio\u0301n nube de puntos y ortofoto&#8221; tag=&#8221;h5&#8243; font_weight=&#8221;&#8221; description_font_weight=&#8221;inherit&#8221;][ct_video_player video_link=&#8221;url:https%3A%2F%2Fwww.youtube.com%2Fwatch%3Fv%3DQVaOdRykmEk|||&#8221; video_intro=&#8221;7318&#8243; btn_styles=&#8221;style2&#8243; intro_styles=&#8221;style2&#8243;][\/vc_column][vc_column width=&#8221;1\/3&#8243;][ct_heading styles=&#8221;style2&#8243; text=&#8221;Medicio\u0301n sobre nube de puntos&#8221; tag=&#8221;h5&#8243; font_weight=&#8221;&#8221; description_font_weight=&#8221;inherit&#8221;][ct_video_player video_link=&#8221;url:https%3A%2F%2Fwww.youtube.com%2Fwatch%3Fv%3DzOf-PizfTeA|||&#8221; video_intro=&#8221;7320&#8243; btn_styles=&#8221;style2&#8243; intro_styles=&#8221;style2&#8243;][\/vc_column][\/vc_row][vc_row][vc_column][vc_empty_space][\/vc_column][\/vc_row][vc_row][vc_column][ct_heading styles=&#8221;style2&#8243; text=&#8221;BIM&#8221; tag=&#8221;h5&#8243; font_weight=&#8221;&#8221; description_font_weight=&#8221;inherit&#8221;][vc_column_text]La digitalizaci\u00f3n con<u> l\u00e1ser esc\u00e1ner<\/u> genera una nube de puntos de alta densidad a partir de la cual es posible modelar elementos en 2D y 3D, realizar c\u00e1lculos milim\u00e9tricos, obtener cortes y secciones\u2026<\/p>\n<p>Esta nube la podemos ver con distintos programas de visualizaci\u00f3n (Recap, Scene, CloudCompare\u2026) o insertar en programas que nos den una interpretaci\u00f3n gr\u00e1fica de \u00e9sta (Archicad, Revit, AutoCAD\u2026)<\/p>\n<p>El modelado BIM consiste en la creaci\u00f3n de un modelo tridimensional de un edificio\/ construcci\u00f3n\/ bien en el cual se genera y gestiona toda la informaci\u00f3n del ciclo de vida (dise\u00f1o, construcci\u00f3n, mantenimiento\u2026). La descripci\u00f3n de las geometr\u00edas de la nube de puntos sumado al modelado en BIM tiene el prop\u00f3sito de lograr una gesti\u00f3n eficiente en todas las fases. BIM puede aplicarse en obra de nueva construcci\u00f3n y rehabilitaci\u00f3n arquitect\u00f3nica.[\/vc_column_text][\/vc_column][\/vc_row][vc_row][vc_column][vc_empty_space][\/vc_column][\/vc_row][vc_row][vc_column width=&#8221;1\/2&#8243;][ct_heading styles=&#8221;style2&#8243; text=&#8221;1.1 CONSULTOR\u00cdA BIM&#8221; tag=&#8221;h5&#8243; font_weight=&#8221;&#8221; description_font_weight=&#8221;inherit&#8221;][vc_column_text]Contamos con un equipo multidisciplinar, (arquitectos, aparejadores, ingenieros civiles, ingenieros industriales, ingenieros en geodesia y cartograf\u00eda, ingenieros t\u00e9cnicos en topograf\u00eda, ingenieros agr\u00f3nomos) que nos permite resolver la problem\u00e1tica de cada <strong>proyecto BIM<\/strong> con un enfoque integral. Ofrecemos nuestra <strong>consultor\u00eda BIM con el objetivo de <\/strong>elegir las soluciones \u00f3ptimas seg\u00fan las necesidades de cada proyecto y cliente. Mediante el conocimiento del flujo de trabajo del cliente asesoramos para la inclusi\u00f3n del modelo BIM en la estructura de trabajo.[\/vc_column_text][\/vc_column][vc_column width=&#8221;1\/2&#8243;][ct_heading styles=&#8221;style2&#8243; text=&#8221;1.2 MODELADO ARCHICAD&#8221; tag=&#8221;h5&#8243; font_weight=&#8221;&#8221; description_font_weight=&#8221;inherit&#8221;][vc_column_text]Archicad es una herramienta de software BIM que ayuda a los arquitectos a construir el modelo BIM del edificio y tambi\u00e9n a administrar e intercambiar la informaci\u00f3n almacenada en BIM de manera flexible.<\/p>\n<p>Nuestro departamento de arquitectura trabaja con el programa archicad para el desarrollo de todo tipo de desarrollos, construyendo los modelos BIM de edificios, construcciones u otro tipo de bienes de cada uno de los proyectos en curso.[\/vc_column_text][\/vc_column][\/vc_row][vc_row][vc_column width=&#8221;1\/2&#8243;][ct_heading styles=&#8221;style2&#8243; text=&#8221;1.3 MODELADO REVIT&#8221; tag=&#8221;h5&#8243; font_weight=&#8221;&#8221; description_font_weight=&#8221;inherit&#8221;][vc_column_text]Una de las formas de modelado en Revit es comenzando mediante la nube de puntos obtenida con el<u> l\u00e1ser escaner<\/u>. De esta forma no solo se obtiene informaci\u00f3n m\u00e9trica, sino que tambi\u00e9n podemos obtener informaci\u00f3n de colores, texturas y materiales para acabar de complementar la informaci\u00f3n.<\/p>\n<p>La informaci\u00f3n que recibimos de la nube de puntos son miles de puntos de informaci\u00f3n que nos informa de que puede haber irregularidades en un paramento, distintos acabados, incluso si un muro tiene una inclinaci\u00f3n.<\/p>\n<p>Analizamos el objetivo final de la medici\u00f3n para determinar el nivel de datos necesario en cada caso y modelar lo indispensable. Modelamos habiendo trazado un plan de usos y necesidades.[\/vc_column_text][\/vc_column][vc_column width=&#8221;1\/2&#8243;][ct_heading styles=&#8221;style2&#8243; text=&#8221;1.4 NIVEL DE DATOS Y PRODUCTOS FINALES&#8221; tag=&#8221;h5&#8243; font_weight=&#8221;&#8221; description_font_weight=&#8221;inherit&#8221;][vc_column_text]El nivel de datos del BIM se establece en funci\u00f3n del uso que haremos del modelo. Se trata del alcance de la informaci\u00f3n referente los niveles de informaci\u00f3n, detalle y desarrollo, que se incluir\u00e1 en \u00e9l.<\/p>\n<p>Al inicio de los trabajos se establecen los protocolos organizativos en los que se fija c\u00f3mo, cu\u00e1ndo y d\u00f3nde debe cada agente introducir su informaci\u00f3n, de forma general en el documento Plan de Ejecuci\u00f3n BIM (BEP \u00a0BIM Execution Plan)<\/p>\n<ul>\n<li>Se detallan los objetivos y usos de BIM que se emplear\u00e1n en el proyecto.<\/li>\n<li>Se establecen los flujos de trabajo y los procesos derivados.<\/li>\n<li>Se definen los entregables en cuanto a nombre y formato.<\/li>\n<li>Se estipulan los <strong>elementos que se deber\u00e1n modelar<\/strong> y que se deber\u00e1n incluir en los entregables.<\/li>\n<li>Se delimita el <strong>nivel de definici\u00f3n<\/strong> que deber\u00e1n tener estos elementos (la precisi\u00f3n que tendr\u00e1n estos objetos con respecto a la realidad, as\u00ed como la cantidad de informaci\u00f3n que se deber\u00e1 incluir).<\/li>\n<li>Tambi\u00e9n se describen y asignan las responsabilidades de los diferentes agentes, la forma de compartir la informaci\u00f3n y el control de calidad que se tendr\u00e1 que implementar.<\/li>\n<\/ul>\n<p>El nivel de detalle se especifica mediante los distintos niveles que actualmente se encuentran normalizados y se aplica a cada elemento del proyecto.<\/p>\n<p><em>LOD<\/em><\/p>\n<p><em>LOD100. LOD200, LOD300, LOD350, LOD400 o LOD500<\/em>[\/vc_column_text][\/vc_column][\/vc_row]<\/p>\n<\/section>","protected":false},"excerpt":{"rendered":"<p>[vc_row][vc_column width=&#8221;1\/2&#8243;][ct_heading styles=&#8221;style2&#8243; text=&#8221;3D Laser Eskanerra&#8221; tag=&#8221;h5&#8243; font_weight=&#8221;&#8221; description_font_weight=&#8221;inherit&#8221;][vc_column_text]Ondare elementuak, aztarna arkeologikoak, egitura industrialak, inter\u00e9s arkitektonikoko eraikinak, tunelak&#8230; doitasun handiz neurtzen ditugu, hiru dimentsiotan. Laser-teknologiari esker, hiru dimentsioko datuen bilketa masiboa egin dezakegu, milimetroko doitasunaz eta denbora laburrean, eta lurrazalaren (edo dena delako elementuaren) eredu digital bat edo 3D puntu-hodeia egin, bereizmen handikoa: zentimetro batean [&hellip;]<\/p>\n","protected":false},"author":1,"featured_media":0,"parent":0,"menu_order":0,"comment_status":"closed","ping_status":"closed","template":"","meta":[],"_links":{"self":[{"href":"https:\/\/inforlur.es\/eu\/wp-json\/wp\/v2\/pages\/7333"}],"collection":[{"href":"https:\/\/inforlur.es\/eu\/wp-json\/wp\/v2\/pages"}],"about":[{"href":"https:\/\/inforlur.es\/eu\/wp-json\/wp\/v2\/types\/page"}],"author":[{"embeddable":true,"href":"https:\/\/inforlur.es\/eu\/wp-json\/wp\/v2\/users\/1"}],"replies":[{"embeddable":true,"href":"https:\/\/inforlur.es\/eu\/wp-json\/wp\/v2\/comments?post=7333"}],"version-history":[{"count":7,"href":"https:\/\/inforlur.es\/eu\/wp-json\/wp\/v2\/pages\/7333\/revisions"}],"predecessor-version":[{"id":7357,"href":"https:\/\/inforlur.es\/eu\/wp-json\/wp\/v2\/pages\/7333\/revisions\/7357"}],"wp:attachment":[{"href":"https:\/\/inforlur.es\/eu\/wp-json\/wp\/v2\/media?parent=7333"}],"curies":[{"name":"wp","href":"https:\/\/api.w.org\/{rel}","templated":true}]}}